{"id":44,"date":"2025-07-09T16:48:32","date_gmt":"2025-07-09T14:48:32","guid":{"rendered":"https:\/\/capjunin.org.pe\/?page_id=44"},"modified":"2025-07-18T20:41:53","modified_gmt":"2025-07-18T18:41:53","slug":"mision-y-vision","status":"publish","type":"page","link":"https:\/\/capjunin.org.pe\/index.php\/mision-y-vision\/","title":{"rendered":"Misi\u00f3n y Visi\u00f3n"},"content":{"rendered":"\t\t<div data-elementor-type=\"wp-page\" data-elementor-id=\"44\" class=\"elementor elementor-44\" data-elementor-post-type=\"page\">\n\t\t\t\t<div data-particle_enable=\"false\" data-particle-mobile-disabled=\"false\" class=\"elementor-element elementor-element-aa1f8c6 e-flex e-con-boxed e-con e-parent\" data-id=\"aa1f8c6\" data-element_type=\"container\">\n\t\t\t\t\t<div class=\"e-con-inner\">\n\t\t<div data-particle_enable=\"false\" data-particle-mobile-disabled=\"false\" class=\"elementor-element elementor-element-3388220 e-con-full e-flex e-con e-child\" data-id=\"3388220\" data-element_type=\"container\">\n\t\t\t\t<div class=\"elementor-element elementor-element-26a49ef elementor-widget elementor-widget-heading\" data-id=\"26a49ef\" data-element_type=\"widget\" data-widget_type=\"heading.default\">\n\t\t\t\t<div class=\"elementor-widget-container\">\n\t\t\t\t\t<h2 class=\"elementor-heading-title elementor-size-default\">Misi\u00f3n<\/h2>\t\t\t\t<\/div>\n\t\t\t\t<\/div>\n\t\t\t\t<div class=\"elementor-element elementor-element-1d32abf elementor-widget elementor-widget-text-editor\" data-id=\"1d32abf\" data-element_type=\"widget\" data-widget_type=\"text-editor.default\">\n\t\t\t\t<div class=\"elementor-widget-container\">\n\t\t\t\t\t\t\t\t\t<p>Ser un Colegio profesional comprometido en cautelar y brindar el mejor servicio al agremiado y a la comunidad. Nuestra instituci\u00f3n tiene un deber protag\u00f3nico en el quehacer urbano de la ciudad, por lo que tenemos el compromiso de participar en su implementaci\u00f3n y desarrollo arquitect\u00f3nico y urban\u00edstico.<\/p>\t\t\t\t\t\t\t\t<\/div>\n\t\t\t\t<\/div>\n\t\t\t\t<\/div>\n\t\t<div data-particle_enable=\"false\" data-particle-mobile-disabled=\"false\" class=\"elementor-element elementor-element-5e47ab8 e-con-full e-flex e-con e-child\" data-id=\"5e47ab8\" data-element_type=\"container\">\n\t\t\t\t<div class=\"elementor-element elementor-element-a1562a7 elementor-widget elementor-widget-image\" data-id=\"a1562a7\" data-element_type=\"widget\" data-widget_type=\"image.default\">\n\t\t\t\t<div class=\"elementor-widget-container\">\n\t\t\t\t\t\t\t\t\t\t\t\t\t\t\t<img fetchpriority=\"high\" decoding=\"async\" width=\"1248\" height=\"832\" src=\"https:\/\/capjunin.org.pe\/wp-content\/uploads\/2025\/07\/fachada11.jpg\" class=\"attachment-full size-full wp-image-744\" alt=\"\" srcset=\"https:\/\/capjunin.org.pe\/wp-content\/uploads\/2025\/07\/fachada11.jpg 1248w, https:\/\/capjunin.org.pe\/wp-content\/uploads\/2025\/07\/fachada11-300x200.jpg 300w, https:\/\/capjunin.org.pe\/wp-content\/uploads\/2025\/07\/fachada11-1024x683.jpg 1024w, https:\/\/capjunin.org.pe\/wp-content\/uploads\/2025\/07\/fachada11-768x512.jpg 768w\" sizes=\"(max-width: 1248px) 100vw, 1248px\" \/>\t\t\t\t\t\t\t\t\t\t\t\t\t\t\t<\/div>\n\t\t\t\t<\/div>\n\t\t\t\t<\/div>\n\t\t<div data-particle_enable=\"false\" data-particle-mobile-disabled=\"false\" class=\"elementor-element elementor-element-008244d e-con-full e-flex e-con e-child\" data-id=\"008244d\" data-element_type=\"container\">\n\t\t\t\t<div class=\"elementor-element elementor-element-a9a4d64 elementor-widget elementor-widget-image\" data-id=\"a9a4d64\" data-element_type=\"widget\" data-widget_type=\"image.default\">\n\t\t\t\t<div class=\"elementor-widget-container\">\n\t\t\t\t\t\t\t\t\t\t\t\t\t\t\t<img decoding=\"async\" width=\"800\" height=\"600\" src=\"https:\/\/capjunin.org.pe\/wp-content\/uploads\/2025\/07\/Aerografico014-1024x768.jpg\" class=\"attachment-large size-large wp-image-749\" alt=\"\" srcset=\"https:\/\/capjunin.org.pe\/wp-content\/uploads\/2025\/07\/Aerografico014-1024x768.jpg 1024w, https:\/\/capjunin.org.pe\/wp-content\/uploads\/2025\/07\/Aerografico014-300x225.jpg 300w, https:\/\/capjunin.org.pe\/wp-content\/uploads\/2025\/07\/Aerografico014-768x576.jpg 768w, https:\/\/capjunin.org.pe\/wp-content\/uploads\/2025\/07\/Aerografico014.jpg 1200w\" sizes=\"(max-width: 800px) 100vw, 800px\" \/>\t\t\t\t\t\t\t\t\t\t\t\t\t\t\t<\/div>\n\t\t\t\t<\/div>\n\t\t\t\t<div class=\"elementor-element elementor-element-083794d elementor-widget elementor-widget-spacer\" data-id=\"083794d\" data-element_type=\"widget\" data-widget_type=\"spacer.default\">\n\t\t\t\t<div class=\"elementor-widget-container\">\n\t\t\t\t\t\t\t<div class=\"elementor-spacer\">\n\t\t\t<div class=\"elementor-spacer-inner\"><\/div>\n\t\t<\/div>\n\t\t\t\t\t\t<\/div>\n\t\t\t\t<\/div>\n\t\t\t\t<\/div>\n\t\t<div data-particle_enable=\"false\" data-particle-mobile-disabled=\"false\" class=\"elementor-element elementor-element-b1ca37d e-con-full e-flex e-con e-child\" data-id=\"b1ca37d\" data-element_type=\"container\">\n\t\t\t\t<div class=\"elementor-element elementor-element-4186692 elementor-widget elementor-widget-heading\" data-id=\"4186692\" data-element_type=\"widget\" data-widget_type=\"heading.default\">\n\t\t\t\t<div class=\"elementor-widget-container\">\n\t\t\t\t\t<h2 class=\"elementor-heading-title elementor-size-default\">Visi\u00f3n<\/h2>\t\t\t\t<\/div>\n\t\t\t\t<\/div>\n\t\t\t\t<div class=\"elementor-element elementor-element-49b0ee3 elementor-widget elementor-widget-text-editor\" data-id=\"49b0ee3\" data-element_type=\"widget\" data-widget_type=\"text-editor.default\">\n\t\t\t\t<div class=\"elementor-widget-container\">\n\t\t\t\t\t\t\t\t\t<p>Ser una instituci\u00f3n reconocida ante la comunidad, garantizando los conceptos urban\u00edsticos y arquitect\u00f3nicos, por medio del correcto ejercicio profesional, siendo gestora del desarrollo sostenible del pa\u00eds, interactuando con respeto y armon\u00eda con el medio ambiente.<\/p>\t\t\t\t\t\t\t\t<\/div>\n\t\t\t\t<\/div>\n\t\t\t\t<\/div>\n\t\t\t\t\t<\/div>\n\t\t\t\t<\/div>\n\t\t<div data-particle_enable=\"false\" data-particle-mobile-disabled=\"false\" class=\"elementor-element elementor-element-ec959b8 e-flex e-con-boxed e-con e-parent\" data-id=\"ec959b8\" data-element_type=\"container\" data-settings=\"{&quot;background_background&quot;:&quot;classic&quot;}\">\n\t\t\t\t\t<div class=\"e-con-inner\">\n\t\t<div data-particle_enable=\"false\" data-particle-mobile-disabled=\"false\" class=\"elementor-element elementor-element-d5b36b1 e-con-full e-flex e-con e-child\" data-id=\"d5b36b1\" data-element_type=\"container\">\n\t\t\t\t<div class=\"elementor-element elementor-element-57b7b17 elementor-widget elementor-widget-heading\" data-id=\"57b7b17\" data-element_type=\"widget\" data-widget_type=\"heading.default\">\n\t\t\t\t<div class=\"elementor-widget-container\">\n\t\t\t\t\t<h2 class=\"elementor-heading-title elementor-size-default\">Objetivos Institucionales<\/h2>\t\t\t\t<\/div>\n\t\t\t\t<\/div>\n\t\t\t\t<div class=\"elementor-element elementor-element-c0b2e23 elementor-widget elementor-widget-text-editor\" data-id=\"c0b2e23\" data-element_type=\"widget\" data-widget_type=\"text-editor.default\">\n\t\t\t\t<div class=\"elementor-widget-container\">\n\t\t\t\t\t\t\t\t\t<p>Esta Memoria Anual busca reflejar el compromiso del Consejo Regional con los siguientes objetivos fundamentales:<\/p>\t\t\t\t\t\t\t\t<\/div>\n\t\t\t\t<\/div>\n\t\t\t\t<\/div>\n\t\t<div data-particle_enable=\"false\" data-particle-mobile-disabled=\"false\" class=\"elementor-element elementor-element-c96a57e e-con-full e-flex e-con e-child\" data-id=\"c96a57e\" data-element_type=\"container\">\n\t\t\t\t<div class=\"elementor-element elementor-element-62594bd elementor-widget elementor-widget-spacer\" data-id=\"62594bd\" data-element_type=\"widget\" data-widget_type=\"spacer.default\">\n\t\t\t\t<div class=\"elementor-widget-container\">\n\t\t\t\t\t\t\t<div class=\"elementor-spacer\">\n\t\t\t<div class=\"elementor-spacer-inner\"><\/div>\n\t\t<\/div>\n\t\t\t\t\t\t<\/div>\n\t\t\t\t<\/div>\n\t\t\t\t<div class=\"elementor-element elementor-element-2cb7118 elementor-align-left elementor-icon-list--layout-traditional elementor-list-item-link-full_width elementor-widget elementor-widget-icon-list\" data-id=\"2cb7118\" data-element_type=\"widget\" data-widget_type=\"icon-list.default\">\n\t\t\t\t<div class=\"elementor-widget-container\">\n\t\t\t\t\t\t\t<ul class=\"elementor-icon-list-items\">\n\t\t\t\t\t\t\t<li class=\"elementor-icon-list-item\">\n\t\t\t\t\t\t\t\t\t\t\t<span class=\"elementor-icon-list-icon\">\n\t\t\t\t\t\t\t<i aria-hidden=\"true\" class=\"fas fa-chevron-circle-down\"><\/i>\t\t\t\t\t\t<\/span>\n\t\t\t\t\t\t\t\t\t\t<span class=\"elementor-icon-list-text\">Fortalecer el desarrollo institucional para potenciar tanto el crecimiento personal como profesional de nuestros agremiados.<\/span>\n\t\t\t\t\t\t\t\t\t<\/li>\n\t\t\t\t\t\t\t\t<li class=\"elementor-icon-list-item\">\n\t\t\t\t\t\t\t\t\t\t\t<span class=\"elementor-icon-list-icon\">\n\t\t\t\t\t\t\t<i aria-hidden=\"true\" class=\"fas fa-chevron-circle-down\"><\/i>\t\t\t\t\t\t<\/span>\n\t\t\t\t\t\t\t\t\t\t<span class=\"elementor-icon-list-text\">Impulsar convenios y alianzas estrat\u00e9gicas que beneficien al gremio mediante mejores oportunidades de formaci\u00f3n y apoyo.<\/span>\n\t\t\t\t\t\t\t\t\t<\/li>\n\t\t\t\t\t\t\t\t<li class=\"elementor-icon-list-item\">\n\t\t\t\t\t\t\t\t\t\t\t<span class=\"elementor-icon-list-icon\">\n\t\t\t\t\t\t\t<i aria-hidden=\"true\" class=\"fas fa-chevron-circle-down\"><\/i>\t\t\t\t\t\t<\/span>\n\t\t\t\t\t\t\t\t\t\t<span class=\"elementor-icon-list-text\">Reforzar la imagen profesional de nuestra instituci\u00f3n como entidad de prestigio y excelencia.<\/span>\n\t\t\t\t\t\t\t\t\t<\/li>\n\t\t\t\t\t\t\t\t<li class=\"elementor-icon-list-item\">\n\t\t\t\t\t\t\t\t\t\t\t<span class=\"elementor-icon-list-icon\">\n\t\t\t\t\t\t\t<i aria-hidden=\"true\" class=\"fas fa-chevron-circle-down\"><\/i>\t\t\t\t\t\t<\/span>\n\t\t\t\t\t\t\t\t\t\t<span class=\"elementor-icon-list-text\">Fomentar el crecimiento y defensa de nuestro patrimonio institucional, promoviendo iniciativas que garanticen la sostenibilidad del Colegio Profesional.<\/span>\n\t\t\t\t\t\t\t\t\t<\/li>\n\t\t\t\t\t\t\t\t<li class=\"elementor-icon-list-item\">\n\t\t\t\t\t\t\t\t\t\t\t<span class=\"elementor-icon-list-icon\">\n\t\t\t\t\t\t\t<i aria-hidden=\"true\" class=\"fas fa-chevron-circle-down\"><\/i>\t\t\t\t\t\t<\/span>\n\t\t\t\t\t\t\t\t\t\t<span class=\"elementor-icon-list-text\">Promover la investigaci\u00f3n, la innovaci\u00f3n y el perfeccionamiento legal, enfoc\u00e1ndonos en medidas que contribuyan al avance de la Arquitectura en el pa\u00eds.<\/span>\n\t\t\t\t\t\t\t\t\t<\/li>\n\t\t\t\t\t\t\t\t<li class=\"elementor-icon-list-item\">\n\t\t\t\t\t\t\t\t\t\t\t<span class=\"elementor-icon-list-icon\">\n\t\t\t\t\t\t\t<i aria-hidden=\"true\" class=\"fas fa-chevron-circle-down\"><\/i>\t\t\t\t\t\t<\/span>\n\t\t\t\t\t\t\t\t\t\t<span class=\"elementor-icon-list-text\">Apostar por la excelencia profesional, promoviendo est\u00e1ndares de calidad en cada acci\u00f3n desarrollada.<\/span>\n\t\t\t\t\t\t\t\t\t<\/li>\n\t\t\t\t\t\t<\/ul>\n\t\t\t\t\t\t<\/div>\n\t\t\t\t<\/div>\n\t\t\t\t<div class=\"elementor-element elementor-element-7ebc724 elementor-widget elementor-widget-spacer\" data-id=\"7ebc724\" data-element_type=\"widget\" data-widget_type=\"spacer.default\">\n\t\t\t\t<div class=\"elementor-widget-container\">\n\t\t\t\t\t\t\t<div class=\"elementor-spacer\">\n\t\t\t<div class=\"elementor-spacer-inner\"><\/div>\n\t\t<\/div>\n\t\t\t\t\t\t<\/div>\n\t\t\t\t<\/div>\n\t\t\t\t<\/div>\n\t\t\t\t\t<\/div>\n\t\t\t\t<\/div>\n\t\t\t\t<\/div>\n\t\t","protected":false},"excerpt":{"rendered":"<p>Misi\u00f3n Ser un Colegio profesional comprometido en cautelar y brindar el mejor servicio al agremiado y a la comunidad. Nuestra instituci\u00f3n tiene un deber protag\u00f3nico en el quehacer urbano de la ciudad, por lo que tenemos el compromiso de participar en su implementaci\u00f3n y desarrollo arquitect\u00f3nico y urban\u00edstico. Visi\u00f3n Ser una instituci\u00f3n reconocida ante la [&hellip;]<\/p>\n","protected":false},"author":1,"featured_media":0,"parent":0,"menu_order":0,"comment_status":"closed","ping_status":"closed","template":"","meta":{"footnotes":""},"class_list":["post-44","page","type-page","status-publish","hentry"],"_links":{"self":[{"href":"https:\/\/capjunin.org.pe\/index.php\/wp-json\/wp\/v2\/pages\/44","targetHints":{"allow":["GET"]}}],"collection":[{"href":"https:\/\/capjunin.org.pe\/index.php\/wp-json\/wp\/v2\/pages"}],"about":[{"href":"https:\/\/capjunin.org.pe\/index.php\/wp-json\/wp\/v2\/types\/page"}],"author":[{"embeddable":true,"href":"https:\/\/capjunin.org.pe\/index.php\/wp-json\/wp\/v2\/users\/1"}],"replies":[{"embeddable":true,"href":"https:\/\/capjunin.org.pe\/index.php\/wp-json\/wp\/v2\/comments?post=44"}],"version-history":[{"count":97,"href":"https:\/\/capjunin.org.pe\/index.php\/wp-json\/wp\/v2\/pages\/44\/revisions"}],"predecessor-version":[{"id":752,"href":"https:\/\/capjunin.org.pe\/index.php\/wp-json\/wp\/v2\/pages\/44\/revisions\/752"}],"wp:attachment":[{"href":"https:\/\/capjunin.org.pe\/index.php\/wp-json\/wp\/v2\/media?parent=44"}],"curies":[{"name":"wp","href":"https:\/\/api.w.org\/{rel}","templated":true}]}}