{"id":81,"date":"2025-07-09T16:54:06","date_gmt":"2025-07-09T14:54:06","guid":{"rendered":"https:\/\/capjunin.org.pe\/?page_id=81"},"modified":"2025-07-18T20:43:00","modified_gmt":"2025-07-18T18:43:00","slug":"resena-historica","status":"publish","type":"page","link":"https:\/\/capjunin.org.pe\/index.php\/resena-historica\/","title":{"rendered":"Rese\u00f1a Hist\u00f3rica"},"content":{"rendered":"\t\t<div data-elementor-type=\"wp-page\" data-elementor-id=\"81\" class=\"elementor elementor-81\" data-elementor-post-type=\"page\">\n\t\t\t\t<div data-particle_enable=\"false\" data-particle-mobile-disabled=\"false\" class=\"elementor-element elementor-element-c070ede e-flex e-con-boxed e-con e-parent\" data-id=\"c070ede\" data-element_type=\"container\">\n\t\t\t\t\t<div class=\"e-con-inner\">\n\t\t<div data-particle_enable=\"false\" data-particle-mobile-disabled=\"false\" class=\"elementor-element elementor-element-cd2b192 e-con-full e-flex e-con e-child\" data-id=\"cd2b192\" data-element_type=\"container\">\n\t\t\t\t<div class=\"elementor-element elementor-element-41d5e7e elementor-widget elementor-widget-heading\" data-id=\"41d5e7e\" data-element_type=\"widget\" data-widget_type=\"heading.default\">\n\t\t\t\t<div class=\"elementor-widget-container\">\n\t\t\t\t\t<h2 class=\"elementor-heading-title elementor-size-default\">Rese\u00f1a Hist\u00f3rica<\/h2>\t\t\t\t<\/div>\n\t\t\t\t<\/div>\n\t\t\t\t<div class=\"elementor-element elementor-element-d24b344 elementor-widget elementor-widget-text-editor\" data-id=\"d24b344\" data-element_type=\"widget\" data-widget_type=\"text-editor.default\">\n\t\t\t\t<div class=\"elementor-widget-container\">\n\t\t\t\t\t\t\t\t\t<p>El Colegio de Arquitectos del Per\u00fa, colegio profesional creado por la Ley N\u00b0 14085, es una instituci\u00f3n aut\u00f3noma sin fines de lucro, con personer\u00eda jur\u00eddica de derecho p\u00fablico interno y patrimonio propio; autorizado para supervisar y vigilar el ejercicio de las actividades de los profesionales de Arquitectura y velar porque estas se desarrollen respetando las normas de \u00e9tica profesional.<\/p><p>\u00a0<\/p><p><strong>Denominaci\u00f3n:<\/strong><\/p><p>Colegio de Arquitectos del Per\u00fa \u2013 Regional Jun\u00edn.<\/p><p><strong>Direcci\u00f3n:<\/strong><\/p><p>Jr. Rebagliati N\u00b0 125 Urb. Gonzales El Tambo \u2013 Huancayo.<\/p><p><strong>Constituci\u00f3n:<\/strong><\/p><p>El Colegio de Arquitectos del Per\u00fa &#8211; Regional Jun\u00edn, se cre\u00f3 en Asamblea Nacional del Colegio de Arquitectos del Per\u00fa de fecha 18 de enero de 2005.<\/p><p>El Consejo Regional Jun\u00edn (Gesti\u00f3n 2023 &#8211; 2026), logro su inscripci\u00f3n en la Superintendencia Nacional de los Registros P\u00fablicos, establecida en la partida N\u00b0 11050639, de fecha 02 de agosto de 2023, que permite en la actualidad gestionar ante entidades administrativas y financieras mejores atenciones a los agremiados.<\/p>\t\t\t\t\t\t\t\t<\/div>\n\t\t\t\t<\/div>\n\t\t\t\t<\/div>\n\t\t<div data-particle_enable=\"false\" data-particle-mobile-disabled=\"false\" class=\"elementor-element elementor-element-190a922 e-con-full e-flex e-con e-child\" data-id=\"190a922\" data-element_type=\"container\">\n\t\t<div data-particle_enable=\"false\" data-particle-mobile-disabled=\"false\" class=\"elementor-element elementor-element-46d7dd2 e-con-full e-flex e-con e-child\" data-id=\"46d7dd2\" data-element_type=\"container\">\n\t\t\t\t<div class=\"elementor-element elementor-element-cfbb5a7 elementor-widget elementor-widget-image\" data-id=\"cfbb5a7\" data-element_type=\"widget\" data-widget_type=\"image.default\">\n\t\t\t\t<div class=\"elementor-widget-container\">\n\t\t\t\t\t\t\t\t\t\t\t\t\t\t\t<img fetchpriority=\"high\" decoding=\"async\" width=\"800\" height=\"534\" src=\"https:\/\/capjunin.org.pe\/wp-content\/uploads\/2025\/07\/fachada22-1024x683.jpg\" class=\"attachment-large size-large wp-image-743\" alt=\"\" srcset=\"https:\/\/capjunin.org.pe\/wp-content\/uploads\/2025\/07\/fachada22-1024x683.jpg 1024w, https:\/\/capjunin.org.pe\/wp-content\/uploads\/2025\/07\/fachada22-300x200.jpg 300w, https:\/\/capjunin.org.pe\/wp-content\/uploads\/2025\/07\/fachada22-768x512.jpg 768w, https:\/\/capjunin.org.pe\/wp-content\/uploads\/2025\/07\/fachada22.jpg 1248w\" sizes=\"(max-width: 800px) 100vw, 800px\" \/>\t\t\t\t\t\t\t\t\t\t\t\t\t\t\t<\/div>\n\t\t\t\t<\/div>\n\t\t\t\t<\/div>\n\t\t<div data-particle_enable=\"false\" data-particle-mobile-disabled=\"false\" class=\"elementor-element elementor-element-9e1dbb8 e-con-full e-flex e-con e-child\" data-id=\"9e1dbb8\" data-element_type=\"container\">\n\t\t\t\t<div class=\"elementor-element elementor-element-8253e43 elementor-widget elementor-widget-image\" data-id=\"8253e43\" data-element_type=\"widget\" data-widget_type=\"image.default\">\n\t\t\t\t<div class=\"elementor-widget-container\">\n\t\t\t\t\t\t\t\t\t\t\t\t\t\t\t<img decoding=\"async\" width=\"800\" height=\"534\" src=\"https:\/\/capjunin.org.pe\/wp-content\/uploads\/2025\/07\/cap_fachada1-1024x683.jpg\" class=\"attachment-large size-large wp-image-324\" alt=\"\" srcset=\"https:\/\/capjunin.org.pe\/wp-content\/uploads\/2025\/07\/cap_fachada1-1024x683.jpg 1024w, https:\/\/capjunin.org.pe\/wp-content\/uploads\/2025\/07\/cap_fachada1-300x200.jpg 300w, https:\/\/capjunin.org.pe\/wp-content\/uploads\/2025\/07\/cap_fachada1-768x512.jpg 768w, https:\/\/capjunin.org.pe\/wp-content\/uploads\/2025\/07\/cap_fachada1.jpg 1440w\" sizes=\"(max-width: 800px) 100vw, 800px\" \/>\t\t\t\t\t\t\t\t\t\t\t\t\t\t\t<\/div>\n\t\t\t\t<\/div>\n\t\t\t\t<\/div>\n\t\t\t\t<\/div>\n\t\t\t\t\t<\/div>\n\t\t\t\t<\/div>\n\t\t<div data-particle_enable=\"false\" data-particle-mobile-disabled=\"false\" class=\"elementor-element elementor-element-055d96e e-flex e-con-boxed e-con e-parent\" data-id=\"055d96e\" data-element_type=\"container\">\n\t\t\t\t\t<div class=\"e-con-inner\">\n\t\t\t\t\t<\/div>\n\t\t\t\t<\/div>\n\t\t\t\t<\/div>\n\t\t","protected":false},"excerpt":{"rendered":"<p>Rese\u00f1a Hist\u00f3rica El Colegio de Arquitectos del Per\u00fa, colegio profesional creado por la Ley N\u00b0 14085, es una instituci\u00f3n aut\u00f3noma sin fines de lucro, con personer\u00eda jur\u00eddica de derecho p\u00fablico interno y patrimonio propio; autorizado para supervisar y vigilar el ejercicio de las actividades de los profesionales de Arquitectura y velar porque estas se desarrollen [&hellip;]<\/p>\n","protected":false},"author":1,"featured_media":0,"parent":0,"menu_order":0,"comment_status":"closed","ping_status":"closed","template":"","meta":{"footnotes":""},"class_list":["post-81","page","type-page","status-publish","hentry"],"_links":{"self":[{"href":"https:\/\/capjunin.org.pe\/index.php\/wp-json\/wp\/v2\/pages\/81","targetHints":{"allow":["GET"]}}],"collection":[{"href":"https:\/\/capjunin.org.pe\/index.php\/wp-json\/wp\/v2\/pages"}],"about":[{"href":"https:\/\/capjunin.org.pe\/index.php\/wp-json\/wp\/v2\/types\/page"}],"author":[{"embeddable":true,"href":"https:\/\/capjunin.org.pe\/index.php\/wp-json\/wp\/v2\/users\/1"}],"replies":[{"embeddable":true,"href":"https:\/\/capjunin.org.pe\/index.php\/wp-json\/wp\/v2\/comments?post=81"}],"version-history":[{"count":28,"href":"https:\/\/capjunin.org.pe\/index.php\/wp-json\/wp\/v2\/pages\/81\/revisions"}],"predecessor-version":[{"id":755,"href":"https:\/\/capjunin.org.pe\/index.php\/wp-json\/wp\/v2\/pages\/81\/revisions\/755"}],"wp:attachment":[{"href":"https:\/\/capjunin.org.pe\/index.php\/wp-json\/wp\/v2\/media?parent=81"}],"curies":[{"name":"wp","href":"https:\/\/api.w.org\/{rel}","templated":true}]}}