{"id":849,"date":"2025-07-21T07:32:43","date_gmt":"2025-07-21T05:32:43","guid":{"rendered":"https:\/\/capjunin.org.pe\/?page_id=849"},"modified":"2025-08-25T19:34:52","modified_gmt":"2025-08-25T17:34:52","slug":"colegiatura","status":"publish","type":"page","link":"https:\/\/capjunin.org.pe\/index.php\/colegiatura\/","title":{"rendered":"Colegiatura"},"content":{"rendered":"\t\t<div data-elementor-type=\"wp-page\" data-elementor-id=\"849\" class=\"elementor elementor-849\" data-elementor-post-type=\"page\">\n\t\t\t\t<div data-particle_enable=\"false\" data-particle-mobile-disabled=\"false\" class=\"elementor-element elementor-element-1a88707 e-flex e-con-boxed e-con e-parent\" data-id=\"1a88707\" data-element_type=\"container\" data-settings=\"{&quot;background_background&quot;:&quot;classic&quot;}\">\n\t\t\t\t\t<div class=\"e-con-inner\">\n\t\t\t\t<div class=\"elementor-element elementor-element-04c8fec elementor-widget elementor-widget-spacer\" data-id=\"04c8fec\" data-element_type=\"widget\" data-widget_type=\"spacer.default\">\n\t\t\t\t<div class=\"elementor-widget-container\">\n\t\t\t\t\t\t\t<div class=\"elementor-spacer\">\n\t\t\t<div class=\"elementor-spacer-inner\"><\/div>\n\t\t<\/div>\n\t\t\t\t\t\t<\/div>\n\t\t\t\t<\/div>\n\t\t\t\t<div class=\"elementor-element elementor-element-743d52e elementor-widget elementor-widget-heading\" data-id=\"743d52e\" data-element_type=\"widget\" data-widget_type=\"heading.default\">\n\t\t\t\t<div class=\"elementor-widget-container\">\n\t\t\t\t\t<h2 class=\"elementor-heading-title elementor-size-default\">\u00bfCOMO ME REGISTRO EN EL COLEGIO DE ARQUITECTOS DEL PER\u00da?<\/h2>\t\t\t\t<\/div>\n\t\t\t\t<\/div>\n\t\t\t\t<div class=\"elementor-element elementor-element-7b48122 elementor-widget elementor-widget-text-editor\" data-id=\"7b48122\" data-element_type=\"widget\" data-widget_type=\"text-editor.default\">\n\t\t\t\t<div class=\"elementor-widget-container\">\n\t\t\t\t\t\t\t\t\t<p>Para ser inscrito como miembro del Colegio de Arquitectos del Per\u00fa y ser colegiado, se requiere tener t\u00edtulo profesional de Arquitecto otorgado por una universidad nacional, o extranjera, siempre y cuando el t\u00edtulo otorgado por la universidad extranjera, haya sido revalidado conforme a\u00a0\u00a0 Ley, y\u00a0\u00a0\u00a0 cumpla\u00a0\u00a0\u00a0\u00a0 con\u00a0\u00a0\u00a0\u00a0 los\u00a0\u00a0 dispositivos\u00a0\u00a0 del\u00a0\u00a0 Colegio\u00a0\u00a0\u00a0\u00a0 de\u00a0\u00a0 Arquitectos\u00a0\u00a0 del\u00a0\u00a0 Per\u00fa. El n\u00famero de registro tiene car\u00e1cter de \u00fanico, es v\u00e1lido a nivel nacional y ser\u00e1 otorgado por acuerdo del Consejo Nacional del Colegio de Arquitectos del Per\u00fa.<\/p>\t\t\t\t\t\t\t\t<\/div>\n\t\t\t\t<\/div>\n\t\t\t\t<div class=\"elementor-element elementor-element-e94b1e3 elementor-widget elementor-widget-spacer\" data-id=\"e94b1e3\" data-element_type=\"widget\" data-widget_type=\"spacer.default\">\n\t\t\t\t<div class=\"elementor-widget-container\">\n\t\t\t\t\t\t\t<div class=\"elementor-spacer\">\n\t\t\t<div class=\"elementor-spacer-inner\"><\/div>\n\t\t<\/div>\n\t\t\t\t\t\t<\/div>\n\t\t\t\t<\/div>\n\t\t\t\t\t<\/div>\n\t\t\t\t<\/div>\n\t\t<div data-particle_enable=\"false\" data-particle-mobile-disabled=\"false\" class=\"elementor-element elementor-element-2686313 e-flex e-con-boxed e-con e-parent\" data-id=\"2686313\" data-element_type=\"container\">\n\t\t\t\t\t<div class=\"e-con-inner\">\n\t\t\t\t<div class=\"elementor-element elementor-element-a03a586 elementor-widget elementor-widget-spacer\" data-id=\"a03a586\" data-element_type=\"widget\" data-widget_type=\"spacer.default\">\n\t\t\t\t<div class=\"elementor-widget-container\">\n\t\t\t\t\t\t\t<div class=\"elementor-spacer\">\n\t\t\t<div class=\"elementor-spacer-inner\"><\/div>\n\t\t<\/div>\n\t\t\t\t\t\t<\/div>\n\t\t\t\t<\/div>\n\t\t\t\t<div class=\"elementor-element elementor-element-2b71dec elementor-widget elementor-widget-heading\" data-id=\"2b71dec\" data-element_type=\"widget\" data-widget_type=\"heading.default\">\n\t\t\t\t<div class=\"elementor-widget-container\">\n\t\t\t\t\t<h2 class=\"elementor-heading-title elementor-size-default\">REQUISITOS<\/h2>\t\t\t\t<\/div>\n\t\t\t\t<\/div>\n\t\t\t\t<div class=\"elementor-element elementor-element-7980812 elementor-align-left elementor-icon-list--layout-traditional elementor-list-item-link-full_width elementor-widget elementor-widget-icon-list\" data-id=\"7980812\" data-element_type=\"widget\" data-widget_type=\"icon-list.default\">\n\t\t\t\t<div class=\"elementor-widget-container\">\n\t\t\t\t\t\t\t<ul class=\"elementor-icon-list-items\">\n\t\t\t\t\t\t\t<li class=\"elementor-icon-list-item\">\n\t\t\t\t\t\t\t\t\t\t\t<span class=\"elementor-icon-list-icon\">\n\t\t\t\t\t\t\t<i aria-hidden=\"true\" class=\"fas fa-check\"><\/i>\t\t\t\t\t\t<\/span>\n\t\t\t\t\t\t\t\t\t\t<span class=\"elementor-icon-list-text\">Copia del T\u00edtulo Profesional extendida por una Universidad Nacional P\u00fablica o Privada reconocida oficialmente, registrada y autenticada en la instancia nacional competente (Solicitar la constancia de INSCRIPCI\u00d3N del T\u00edtulo Profesional en la Superintendencia Nacional de Educaci\u00f3n Superior Universitaria \u2013 SUNEDU).<\/span>\n\t\t\t\t\t\t\t\t\t<\/li>\n\t\t\t\t\t\t\t\t<li class=\"elementor-icon-list-item\">\n\t\t\t\t\t\t\t\t\t\t\t<span class=\"elementor-icon-list-icon\">\n\t\t\t\t\t\t\t<i aria-hidden=\"true\" class=\"fas fa-check\"><\/i>\t\t\t\t\t\t<\/span>\n\t\t\t\t\t\t\t\t\t\t<span class=\"elementor-icon-list-text\">Haber aprobado el Curso de \u00c9tica y Ejercicio Profesional en la Regional en             donde se inscribe, costo S\/ 250.00.<\/span>\n\t\t\t\t\t\t\t\t\t<\/li>\n\t\t\t\t\t\t\t\t<li class=\"elementor-icon-list-item\">\n\t\t\t\t\t\t\t\t\t\t\t<span class=\"elementor-icon-list-icon\">\n\t\t\t\t\t\t\t<i aria-hidden=\"true\" class=\"fas fa-check\"><\/i>\t\t\t\t\t\t<\/span>\n\t\t\t\t\t\t\t\t\t\t<span class=\"elementor-icon-list-text\">Copia del Documento Nacional de Identidad (DNI) o Carnet de Extranjer\u00eda.<\/span>\n\t\t\t\t\t\t\t\t\t<\/li>\n\t\t\t\t\t\t\t\t<li class=\"elementor-icon-list-item\">\n\t\t\t\t\t\t\t\t\t\t\t<span class=\"elementor-icon-list-icon\">\n\t\t\t\t\t\t\t<i aria-hidden=\"true\" class=\"fas fa-check\"><\/i>\t\t\t\t\t\t<\/span>\n\t\t\t\t\t\t\t\t\t\t<span class=\"elementor-icon-list-text\">Fotograf\u00eda digital de frente a color reciente (resoluci\u00f3n 300 dpi, fondo blanco, con traje formal y oscuro que incluya hombros, tama\u00f1o carnet o pasaporte).<\/span>\n\t\t\t\t\t\t\t\t\t<\/li>\n\t\t\t\t\t\t\t\t<li class=\"elementor-icon-list-item\">\n\t\t\t\t\t\t\t\t\t\t\t<span class=\"elementor-icon-list-icon\">\n\t\t\t\t\t\t\t<i aria-hidden=\"true\" class=\"fas fa-check\"><\/i>\t\t\t\t\t\t<\/span>\n\t\t\t\t\t\t\t\t\t\t<span class=\"elementor-icon-list-text\">Firma escaneada con lapicero o plum\u00f3n color negro, con fondo blanco<\/span>\n\t\t\t\t\t\t\t\t\t<\/li>\n\t\t\t\t\t\t\t\t<li class=\"elementor-icon-list-item\">\n\t\t\t\t\t\t\t\t\t\t\t<span class=\"elementor-icon-list-icon\">\n\t\t\t\t\t\t\t<i aria-hidden=\"true\" class=\"fas fa-check\"><\/i>\t\t\t\t\t\t<\/span>\n\t\t\t\t\t\t\t\t\t\t<span class=\"elementor-icon-list-text\">Derecho de inscripci\u00f3n por S\/ 2,500.00 (Dos mil quinientos y 00\/100 soles) <\/span>\n\t\t\t\t\t\t\t\t\t<\/li>\n\t\t\t\t\t\t<\/ul>\n\t\t\t\t\t\t<\/div>\n\t\t\t\t<\/div>\n\t\t\t\t<div class=\"elementor-element elementor-element-8d8058d elementor-widget elementor-widget-spacer\" data-id=\"8d8058d\" data-element_type=\"widget\" data-widget_type=\"spacer.default\">\n\t\t\t\t<div class=\"elementor-widget-container\">\n\t\t\t\t\t\t\t<div class=\"elementor-spacer\">\n\t\t\t<div class=\"elementor-spacer-inner\"><\/div>\n\t\t<\/div>\n\t\t\t\t\t\t<\/div>\n\t\t\t\t<\/div>\n\t\t\t\t<div class=\"elementor-element elementor-element-aae4fef elementor-widget elementor-widget-heading\" data-id=\"aae4fef\" data-element_type=\"widget\" data-widget_type=\"heading.default\">\n\t\t\t\t<div class=\"elementor-widget-container\">\n\t\t\t\t\t<h2 class=\"elementor-heading-title elementor-size-default\">PAGOS Y CUENTAS<\/h2>\t\t\t\t<\/div>\n\t\t\t\t<\/div>\n\t\t\t\t<div class=\"elementor-element elementor-element-a0f7c2b elementor-widget elementor-widget-text-editor\" data-id=\"a0f7c2b\" data-element_type=\"widget\" data-widget_type=\"text-editor.default\">\n\t\t\t\t<div class=\"elementor-widget-container\">\n\t\t\t\t\t\t\t\t\t<p data-start=\"142\" data-end=\"351\">Por favor, realizar los dep\u00f3sitos a las siguientes cuentas bancarias seg\u00fan el monto correspondiente. Aseg\u00farate de conservar tu comprobante para validar tu operaci\u00f3n.<\/p><hr data-start=\"353\" data-end=\"356\" \/><p data-start=\"358\" data-end=\"584\"><img decoding=\"async\" class=\"emoji\" role=\"img\" draggable=\"false\" src=\"https:\/\/s.w.org\/images\/core\/emoji\/16.0.1\/svg\/1f4b3.svg\" alt=\"\ud83d\udcb3\" \/> <strong data-start=\"361\" data-end=\"389\">1. Dep\u00f3sito de S\/ 500.00<\/strong><br data-start=\"389\" data-end=\"392\" \/><img decoding=\"async\" class=\"emoji\" role=\"img\" draggable=\"false\" src=\"https:\/\/s.w.org\/images\/core\/emoji\/16.0.1\/svg\/1f3e6.svg\" alt=\"\ud83c\udfe6\" \/> <strong data-start=\"395\" data-end=\"405\">Banco:<\/strong> <em data-start=\"406\" data-end=\"439\">Banco de Cr\u00e9dito del Per\u00fa (BCP)<\/em><br data-start=\"439\" data-end=\"442\" \/><img decoding=\"async\" class=\"emoji\" role=\"img\" draggable=\"false\" src=\"https:\/\/s.w.org\/images\/core\/emoji\/16.0.1\/svg\/1f522.svg\" alt=\"\ud83d\udd22\" \/> <strong data-start=\"445\" data-end=\"463\">N.\u00ba de Cuenta:<\/strong> 193-0661448-0-91<br data-start=\"480\" data-end=\"483\" \/><img decoding=\"async\" class=\"emoji\" role=\"img\" draggable=\"false\" src=\"https:\/\/s.w.org\/images\/core\/emoji\/16.0.1\/svg\/1f310.svg\" alt=\"\ud83c\udf10\" \/> <strong data-start=\"486\" data-end=\"501\">C\u00f3digo CCI:<\/strong> 002-193-000661448091-18<br data-start=\"525\" data-end=\"528\" \/><img decoding=\"async\" class=\"emoji\" role=\"img\" draggable=\"false\" src=\"https:\/\/s.w.org\/images\/core\/emoji\/16.0.1\/svg\/1f3e2.svg\" alt=\"\ud83c\udfe2\" \/> <strong data-start=\"531\" data-end=\"548\">Raz\u00f3n Social:<\/strong> <em data-start=\"549\" data-end=\"582\">Colegio de Arquitectos del Per\u00fa<\/em><\/p><p data-start=\"586\" data-end=\"668\"><img decoding=\"async\" class=\"emoji\" role=\"img\" draggable=\"false\" src=\"https:\/\/s.w.org\/images\/core\/emoji\/16.0.1\/svg\/1f4cc.svg\" alt=\"\ud83d\udccc\" \/> Este pago corresponde a la inscripci\u00f3n general o concepto indicado previamente.<\/p><hr data-start=\"670\" data-end=\"673\" \/><p data-start=\"675\" data-end=\"934\"><img decoding=\"async\" class=\"emoji\" role=\"img\" draggable=\"false\" src=\"https:\/\/s.w.org\/images\/core\/emoji\/16.0.1\/svg\/1f4b3.svg\" alt=\"\ud83d\udcb3\" \/> <strong data-start=\"678\" data-end=\"708\">2. Dep\u00f3sito de S\/ 2,000.00<\/strong><br data-start=\"708\" data-end=\"711\" \/><img decoding=\"async\" class=\"emoji\" role=\"img\" draggable=\"false\" src=\"https:\/\/s.w.org\/images\/core\/emoji\/16.0.1\/svg\/1f3e6.svg\" alt=\"\ud83c\udfe6\" \/> <strong data-start=\"714\" data-end=\"724\">Banco:<\/strong> <em data-start=\"725\" data-end=\"737\">Scotiabank<\/em><br data-start=\"737\" data-end=\"740\" \/><img decoding=\"async\" class=\"emoji\" role=\"img\" draggable=\"false\" src=\"https:\/\/s.w.org\/images\/core\/emoji\/16.0.1\/svg\/1f4bc.svg\" alt=\"\ud83d\udcbc\" \/> <strong data-start=\"743\" data-end=\"762\">Tipo de cuenta:<\/strong> Cuenta de Ahorros<br data-start=\"780\" data-end=\"783\" \/><img decoding=\"async\" class=\"emoji\" role=\"img\" draggable=\"false\" src=\"https:\/\/s.w.org\/images\/core\/emoji\/16.0.1\/svg\/1f522.svg\" alt=\"\ud83d\udd22\" \/> <strong data-start=\"786\" data-end=\"804\">N.\u00ba de Cuenta:<\/strong> 7707402728<br data-start=\"815\" data-end=\"818\" \/><img decoding=\"async\" class=\"emoji\" role=\"img\" draggable=\"false\" src=\"https:\/\/s.w.org\/images\/core\/emoji\/16.0.1\/svg\/1f310.svg\" alt=\"\ud83c\udf10\" \/> <strong data-start=\"821\" data-end=\"836\">C\u00f3digo CCI:<\/strong> 009-423-207707402728-51<br data-start=\"860\" data-end=\"863\" \/><img decoding=\"async\" class=\"emoji\" role=\"img\" draggable=\"false\" src=\"https:\/\/s.w.org\/images\/core\/emoji\/16.0.1\/svg\/1f3e2.svg\" alt=\"\ud83c\udfe2\" \/> <strong data-start=\"866\" data-end=\"883\">Raz\u00f3n Social:<\/strong> <em data-start=\"884\" data-end=\"934\">Colegio de Arquitectos del Per\u00fa \u2013 Regional Jun\u00edn<\/em><\/p><p data-start=\"936\" data-end=\"1037\"><img decoding=\"async\" class=\"emoji\" role=\"img\" draggable=\"false\" src=\"https:\/\/s.w.org\/images\/core\/emoji\/16.0.1\/svg\/1f4cc.svg\" alt=\"\ud83d\udccc\" \/> Este pago corresponde al proceso regional (servicios, colegiatura u otros conceptos establecidos).<\/p><hr data-start=\"1039\" data-end=\"1042\" \/><p data-start=\"1044\" data-end=\"1323\"><img decoding=\"async\" class=\"emoji\" role=\"img\" draggable=\"false\" src=\"https:\/\/s.w.org\/images\/core\/emoji\/16.0.1\/svg\/1f4e5.svg\" alt=\"\ud83d\udce5\" \/> <strong data-start=\"1047\" data-end=\"1062\">Importante:<\/strong><br data-start=\"1062\" data-end=\"1065\" \/><img decoding=\"async\" class=\"emoji\" role=\"img\" draggable=\"false\" src=\"https:\/\/s.w.org\/images\/core\/emoji\/16.0.1\/svg\/2714.svg\" alt=\"\u2714\ufe0f\" \/> Verifica que los datos est\u00e9n correctamente ingresados antes de realizar la transferencia o dep\u00f3sito.<br data-start=\"1168\" data-end=\"1171\" \/><img decoding=\"async\" class=\"emoji\" role=\"img\" draggable=\"false\" src=\"https:\/\/s.w.org\/images\/core\/emoji\/16.0.1\/svg\/2714.svg\" alt=\"\u2714\ufe0f\" \/> Guarda tu comprobante y env\u00edalo al correo o canal indicado por la instituci\u00f3n.<\/p><p><img decoding=\"async\" class=\"emoji\" role=\"img\" draggable=\"false\" src=\"https:\/\/s.w.org\/images\/core\/emoji\/16.0.1\/svg\/2714.svg\" alt=\"\u2714\ufe0f\" \/> Cualquier duda, puedes comunicarte con la secretar\u00eda del Colegio.<strong>\u00a0\u00a0<\/strong><\/p>\t\t\t\t\t\t\t\t<\/div>\n\t\t\t\t<\/div>\n\t\t\t\t<div class=\"elementor-element elementor-element-3fa306d elementor-widget elementor-widget-spacer\" data-id=\"3fa306d\" data-element_type=\"widget\" data-widget_type=\"spacer.default\">\n\t\t\t\t<div class=\"elementor-widget-container\">\n\t\t\t\t\t\t\t<div class=\"elementor-spacer\">\n\t\t\t<div class=\"elementor-spacer-inner\"><\/div>\n\t\t<\/div>\n\t\t\t\t\t\t<\/div>\n\t\t\t\t<\/div>\n\t\t\t\t\t<\/div>\n\t\t\t\t<\/div>\n\t\t\t\t<\/div>\n\t\t","protected":false},"excerpt":{"rendered":"<p>\u00bfCOMO ME REGISTRO EN EL COLEGIO DE ARQUITECTOS DEL PER\u00da? Para ser inscrito como miembro del Colegio de Arquitectos del Per\u00fa y ser colegiado, se requiere tener t\u00edtulo profesional de Arquitecto otorgado por una universidad nacional, o extranjera, siempre y cuando el t\u00edtulo otorgado por la universidad extranjera, haya sido revalidado conforme a\u00a0\u00a0 Ley, y\u00a0\u00a0\u00a0 [&hellip;]<\/p>\n","protected":false},"author":1,"featured_media":0,"parent":0,"menu_order":0,"comment_status":"closed","ping_status":"closed","template":"","meta":{"footnotes":""},"class_list":["post-849","page","type-page","status-publish","hentry"],"_links":{"self":[{"href":"https:\/\/capjunin.org.pe\/index.php\/wp-json\/wp\/v2\/pages\/849","targetHints":{"allow":["GET"]}}],"collection":[{"href":"https:\/\/capjunin.org.pe\/index.php\/wp-json\/wp\/v2\/pages"}],"about":[{"href":"https:\/\/capjunin.org.pe\/index.php\/wp-json\/wp\/v2\/types\/page"}],"author":[{"embeddable":true,"href":"https:\/\/capjunin.org.pe\/index.php\/wp-json\/wp\/v2\/users\/1"}],"replies":[{"embeddable":true,"href":"https:\/\/capjunin.org.pe\/index.php\/wp-json\/wp\/v2\/comments?post=849"}],"version-history":[{"count":46,"href":"https:\/\/capjunin.org.pe\/index.php\/wp-json\/wp\/v2\/pages\/849\/revisions"}],"predecessor-version":[{"id":1206,"href":"https:\/\/capjunin.org.pe\/index.php\/wp-json\/wp\/v2\/pages\/849\/revisions\/1206"}],"wp:attachment":[{"href":"https:\/\/capjunin.org.pe\/index.php\/wp-json\/wp\/v2\/media?parent=849"}],"curies":[{"name":"wp","href":"https:\/\/api.w.org\/{rel}","templated":true}]}}