{"id":996,"date":"2025-07-31T01:20:58","date_gmt":"2025-07-30T23:20:58","guid":{"rendered":"https:\/\/capjunin.org.pe\/?page_id=996"},"modified":"2025-07-31T01:23:16","modified_gmt":"2025-07-30T23:23:16","slug":"reglamento-nacional-para-la-acreditacion-de-imo","status":"publish","type":"page","link":"https:\/\/capjunin.org.pe\/index.php\/reglamento-nacional-para-la-acreditacion-de-imo\/","title":{"rendered":"Reglamento Nacional para la acreditaci\u00f3n de IMO"},"content":{"rendered":"\t\t<div data-elementor-type=\"wp-page\" data-elementor-id=\"996\" class=\"elementor elementor-996\" data-elementor-post-type=\"page\">\n\t\t\t\t<div data-particle_enable=\"false\" data-particle-mobile-disabled=\"false\" class=\"elementor-element elementor-element-d3eddb7 e-flex e-con-boxed e-con e-parent\" data-id=\"d3eddb7\" data-element_type=\"container\" data-settings=\"{&quot;background_background&quot;:&quot;classic&quot;}\">\n\t\t\t\t\t<div class=\"e-con-inner\">\n\t\t\t\t<div class=\"elementor-element elementor-element-5cc2eb4 elementor-widget elementor-widget-spacer\" data-id=\"5cc2eb4\" data-element_type=\"widget\" data-widget_type=\"spacer.default\">\n\t\t\t\t<div class=\"elementor-widget-container\">\n\t\t\t\t\t\t\t<div class=\"elementor-spacer\">\n\t\t\t<div class=\"elementor-spacer-inner\"><\/div>\n\t\t<\/div>\n\t\t\t\t\t\t<\/div>\n\t\t\t\t<\/div>\n\t\t\t\t<div class=\"elementor-element elementor-element-276e9c2 elementor-widget elementor-widget-heading\" data-id=\"276e9c2\" data-element_type=\"widget\" data-widget_type=\"heading.default\">\n\t\t\t\t<div class=\"elementor-widget-container\">\n\t\t\t\t\t<h2 class=\"elementor-heading-title elementor-size-default\">REGLAMENTO NACIONAL PARA LA ACREDITACION DE\nINSPECTORES MUNICIPALES DE OBRA DEL COLEGIO DE\nARQUITECTOS DEL PER\u00da<\/h2>\t\t\t\t<\/div>\n\t\t\t\t<\/div>\n\t\t\t\t<div class=\"elementor-element elementor-element-e1be7ed elementor-widget elementor-widget-text-editor\" data-id=\"e1be7ed\" data-element_type=\"widget\" data-widget_type=\"text-editor.default\">\n\t\t\t\t<div class=\"elementor-widget-container\">\n\t\t\t\t\t\t\t\t\t<p style=\"text-align: center;\">El Reglamento Nacional para la acreditaci\u00f3n de Inspectores Municipales de Obra del Colegio de Arquitectos del Per\u00fa es una norma que establece los requisitos, procedimientos y criterios t\u00e9cnicos que deben cumplir los arquitectos colegiados para ser acreditados como Inspectores Municipales de Obra por el Colegio de Arquitectos del Per\u00fa.<\/p>\t\t\t\t\t\t\t\t<\/div>\n\t\t\t\t<\/div>\n\t\t\t\t<div class=\"elementor-element elementor-element-acc49dc elementor-widget elementor-widget-spacer\" data-id=\"acc49dc\" data-element_type=\"widget\" data-widget_type=\"spacer.default\">\n\t\t\t\t<div class=\"elementor-widget-container\">\n\t\t\t\t\t\t\t<div class=\"elementor-spacer\">\n\t\t\t<div class=\"elementor-spacer-inner\"><\/div>\n\t\t<\/div>\n\t\t\t\t\t\t<\/div>\n\t\t\t\t<\/div>\n\t\t\t\t\t<\/div>\n\t\t\t\t<\/div>\n\t\t<div data-particle_enable=\"false\" data-particle-mobile-disabled=\"false\" class=\"elementor-element elementor-element-3569a39 e-flex e-con-boxed e-con e-parent\" data-id=\"3569a39\" data-element_type=\"container\">\n\t\t\t\t\t<div class=\"e-con-inner\">\n\t\t\t\t<div class=\"elementor-element elementor-element-9a4d726 elementor-widget elementor-widget-spacer\" data-id=\"9a4d726\" data-element_type=\"widget\" data-widget_type=\"spacer.default\">\n\t\t\t\t<div class=\"elementor-widget-container\">\n\t\t\t\t\t\t\t<div class=\"elementor-spacer\">\n\t\t\t<div class=\"elementor-spacer-inner\"><\/div>\n\t\t<\/div>\n\t\t\t\t\t\t<\/div>\n\t\t\t\t<\/div>\n\t\t\t\t\t<\/div>\n\t\t\t\t<\/div>\n\t\t<div data-particle_enable=\"false\" data-particle-mobile-disabled=\"false\" class=\"elementor-element elementor-element-6780b34 e-flex e-con-boxed e-con e-parent\" data-id=\"6780b34\" data-element_type=\"container\">\n\t\t\t\t\t<div class=\"e-con-inner\">\n\t\t\t\t<div class=\"elementor-element elementor-element-8ea3bc2 elementor-widget elementor-widget-pdfjs-viewer\" data-id=\"8ea3bc2\" data-element_type=\"widget\" data-widget_type=\"pdfjs-viewer.default\">\n\t\t\t\t<div class=\"elementor-widget-container\">\n\t\t\t\t\t<iframe width=\"\" height=\"800\" src=\"https:\/\/capjunin.org.pe\/wp-content\/plugins\/pdfjs-viewer-for-elementor\/\/assets\/js\/pdfjs\/web\/viewer.html?file=https:\/\/capjunin.org.pe\/wp-content\/uploads\/2025\/07\/19.-REGLAMENTO-NACIONAL-PARA-LA-ACREDITACION-DE-INSPECTORES-MUNICIPALES-DE-OBRA-DEL-COLEGIO-DE-ARQUITECTOS-DEL-PERU.pdf\"><\/iframe>\t\t\t\t<\/div>\n\t\t\t\t<\/div>\n\t\t\t\t<div class=\"elementor-element elementor-element-3cd2671 elementor-widget elementor-widget-spacer\" data-id=\"3cd2671\" data-element_type=\"widget\" data-widget_type=\"spacer.default\">\n\t\t\t\t<div class=\"elementor-widget-container\">\n\t\t\t\t\t\t\t<div class=\"elementor-spacer\">\n\t\t\t<div class=\"elementor-spacer-inner\"><\/div>\n\t\t<\/div>\n\t\t\t\t\t\t<\/div>\n\t\t\t\t<\/div>\n\t\t\t\t\t<\/div>\n\t\t\t\t<\/div>\n\t\t\t\t<\/div>\n\t\t","protected":false},"excerpt":{"rendered":"<p>REGLAMENTO NACIONAL PARA LA ACREDITACION DE INSPECTORES MUNICIPALES DE OBRA DEL COLEGIO DE ARQUITECTOS DEL PER\u00da El Reglamento Nacional para la acreditaci\u00f3n de Inspectores Municipales de Obra del Colegio de Arquitectos del Per\u00fa es una norma que establece los requisitos, procedimientos y criterios t\u00e9cnicos que deben cumplir los arquitectos colegiados para ser acreditados como Inspectores [&hellip;]<\/p>\n","protected":false},"author":1,"featured_media":0,"parent":0,"menu_order":0,"comment_status":"closed","ping_status":"closed","template":"","meta":{"footnotes":""},"class_list":["post-996","page","type-page","status-publish","hentry"],"_links":{"self":[{"href":"https:\/\/capjunin.org.pe\/index.php\/wp-json\/wp\/v2\/pages\/996","targetHints":{"allow":["GET"]}}],"collection":[{"href":"https:\/\/capjunin.org.pe\/index.php\/wp-json\/wp\/v2\/pages"}],"about":[{"href":"https:\/\/capjunin.org.pe\/index.php\/wp-json\/wp\/v2\/types\/page"}],"author":[{"embeddable":true,"href":"https:\/\/capjunin.org.pe\/index.php\/wp-json\/wp\/v2\/users\/1"}],"replies":[{"embeddable":true,"href":"https:\/\/capjunin.org.pe\/index.php\/wp-json\/wp\/v2\/comments?post=996"}],"version-history":[{"count":4,"href":"https:\/\/capjunin.org.pe\/index.php\/wp-json\/wp\/v2\/pages\/996\/revisions"}],"predecessor-version":[{"id":1001,"href":"https:\/\/capjunin.org.pe\/index.php\/wp-json\/wp\/v2\/pages\/996\/revisions\/1001"}],"wp:attachment":[{"href":"https:\/\/capjunin.org.pe\/index.php\/wp-json\/wp\/v2\/media?parent=996"}],"curies":[{"name":"wp","href":"https:\/\/api.w.org\/{rel}","templated":true}]}}